{"id":146,"date":"2012-04-25T15:54:43","date_gmt":"2012-04-25T13:54:43","guid":{"rendered":"https:\/\/herr-rau.de\/blogs\/inform\/?page_id=146"},"modified":"2012-06-09T09:43:03","modified_gmt":"2012-06-09T07:43:03","slug":"liste-der-mitgelieferten-aktionen","status":"publish","type":"page","link":"https:\/\/herr-rau.de\/blogs\/inform\/?page_id=146","title":{"rendered":"Aktionen (mitgelieferte)"},"content":{"rendered":"<p>(Eine Liste aller <em>actions<\/em> kriegt man auch \u00fcbersichtlich innerhalb der Entwicklungsumgebung.)<\/p>\n<p>Noch zu vervollst\u00e4ndigen. Den internen Namen der Aktion braucht man zum Beispiel f\u00fcr instead-Regeln. Die Verben sind diejenigen W\u00f6rter und Kombinationen, die der Parser erkennt und der Aktion zuordnet.<\/p>\n<table width=\"100%\" frame=\"VOID\" cellspacing=\"0\" cellpadding=\"2\">\n<colgroup>\n<col width=\"78*\" \/>\n<col width=\"25*\" \/>\n<col width=\"154*\" \/> <\/colgroup>\n<tbody>\n<tr valign=\"TOP\">\n<td width=\"30%\"><strong>Interner Name der Aktion<\/strong><\/td>\n<td width=\"10%\"><strong>Valenz (s.u.)<\/strong><\/td>\n<td width=\"60%\"><strong>Verben (Auswahl)<\/strong><\/td>\n<\/tr>\n<tr valign=\"TOP\">\n<td width=\"30%\">Taking inventory<\/td>\n<td width=\"10%\">it<\/td>\n<td width=\"60%\">inventory, i, inv, take inventory<\/td>\n<\/tr>\n<tr valign=\"TOP\">\n<td width=\"30%\">Taking<\/td>\n<td width=\"10%\">mt<\/td>\n<td width=\"60%\">carry x, hold x, take x, get x, pick up x<\/td>\n<\/tr>\n<tr valign=\"TOP\">\n<td width=\"30%\">Removing it from<\/td>\n<td width=\"10%\">dt<\/td>\n<td width=\"60%\">take x from y, take x off y, get x from y, remove x from y<\/td>\n<\/tr>\n<tr valign=\"TOP\">\n<td width=\"30%\">Dropping<\/td>\n<td width=\"10%\">mt<\/td>\n<td width=\"60%\">put x down, put down x, drop x, throw x, discard x<\/td>\n<\/tr>\n<tr valign=\"TOP\">\n<td width=\"30%\">Putting it on<\/td>\n<td width=\"10%\">dt<\/td>\n<td width=\"60%\">put x on\/onto y, drop x on y, throw x on y<\/td>\n<\/tr>\n<tr valign=\"TOP\">\n<td width=\"30%\">Inserting it into<\/td>\n<td width=\"10%\">dt<\/td>\n<td width=\"60%\">put x in\/inside\/into y, insert x in\/into y, drop x in\/into\/down y, throw x in\/into\/down y<\/td>\n<\/tr>\n<tr valign=\"TOP\">\n<td width=\"30%\">Eating<\/td>\n<td width=\"10%\">mt<\/td>\n<td width=\"60%\"><\/td>\n<\/tr>\n<tr valign=\"TOP\">\n<td width=\"30%\">Going<\/td>\n<td width=\"10%\"><\/td>\n<td width=\"60%\"><\/td>\n<\/tr>\n<tr valign=\"TOP\">\n<td width=\"30%\">Entering<\/td>\n<td width=\"10%\">mt*<\/td>\n<td width=\"60%\">get in, get on, get in x, get on x, get into x, get onto x, stand on<\/td>\n<\/tr>\n<tr valign=\"TOP\">\n<td width=\"30%\">Exiting<\/td>\n<td width=\"10%\">mt*<\/td>\n<td width=\"60%\">get out, get off, get down, get up, get off x, get down x, stand, stand up<\/td>\n<\/tr>\n<tr valign=\"TOP\">\n<td width=\"30%\">Getting off<\/td>\n<td width=\"10%\"><\/td>\n<td width=\"60%\"><\/td>\n<\/tr>\n<tr valign=\"TOP\">\n<td width=\"30%\">Looking<\/td>\n<td width=\"10%\"><\/td>\n<td width=\"60%\"><\/td>\n<\/tr>\n<tr valign=\"TOP\">\n<td width=\"30%\">Examining<\/td>\n<td width=\"10%\"><\/td>\n<td width=\"60%\"><\/td>\n<\/tr>\n<tr valign=\"TOP\">\n<td width=\"30%\">Looking under<\/td>\n<td width=\"10%\"><\/td>\n<td width=\"60%\"><\/td>\n<\/tr>\n<tr valign=\"TOP\">\n<td width=\"30%\">Searching<\/td>\n<td width=\"10%\"><\/td>\n<td width=\"60%\"><\/td>\n<\/tr>\n<tr valign=\"TOP\">\n<td width=\"30%\">Consulting it about<\/td>\n<td width=\"10%\"><\/td>\n<td width=\"60%\"><\/td>\n<\/tr>\n<tr valign=\"TOP\">\n<td width=\"30%\">Locking it with<\/td>\n<td width=\"10%\"><\/td>\n<td width=\"60%\"><\/td>\n<\/tr>\n<tr valign=\"TOP\">\n<td width=\"30%\">Unlocking it with<\/td>\n<td width=\"10%\"><\/td>\n<td width=\"60%\"><\/td>\n<\/tr>\n<tr valign=\"TOP\">\n<td width=\"30%\">Switching on<\/td>\n<td width=\"10%\"><\/td>\n<td width=\"60%\"><\/td>\n<\/tr>\n<tr valign=\"TOP\">\n<td width=\"30%\">Switching off<\/td>\n<td width=\"10%\"><\/td>\n<td width=\"60%\"><\/td>\n<\/tr>\n<tr valign=\"TOP\">\n<td width=\"30%\">Opening<\/td>\n<td width=\"10%\"><\/td>\n<td width=\"60%\"><\/td>\n<\/tr>\n<tr valign=\"TOP\">\n<td width=\"30%\">Closing<\/td>\n<td width=\"10%\"><\/td>\n<td width=\"60%\"><\/td>\n<\/tr>\n<tr valign=\"TOP\">\n<td width=\"30%\">Wearing<\/td>\n<td width=\"10%\">mt<\/td>\n<td width=\"60%\">wear x, don x, put on x, put x on<\/td>\n<\/tr>\n<tr valign=\"TOP\">\n<td width=\"30%\">Taking off<\/td>\n<td width=\"10%\">mt<\/td>\n<td width=\"60%\">remove x, shed x, doff x, disrobe x<\/td>\n<\/tr>\n<tr valign=\"TOP\">\n<td width=\"30%\">Giving it to<\/td>\n<td width=\"10%\"><\/td>\n<td width=\"60%\"><\/td>\n<\/tr>\n<tr valign=\"TOP\">\n<td width=\"30%\">Showing it to<\/td>\n<td width=\"10%\"><\/td>\n<td width=\"60%\"><\/td>\n<\/tr>\n<tr valign=\"TOP\">\n<td width=\"30%\">Waking<\/td>\n<td width=\"10%\"><\/td>\n<td width=\"60%\"><\/td>\n<\/tr>\n<tr valign=\"TOP\">\n<td width=\"30%\">Throwing it at<\/td>\n<td width=\"10%\">dt<\/td>\n<td width=\"60%\">drop x at\/against y, thow x at\/against y<\/td>\n<\/tr>\n<tr valign=\"TOP\">\n<td width=\"30%\">Attacking<\/td>\n<td width=\"10%\"><\/td>\n<td width=\"60%\"><\/td>\n<\/tr>\n<tr valign=\"TOP\">\n<td width=\"30%\">Kissing<\/td>\n<td width=\"10%\"><\/td>\n<td width=\"60%\"><\/td>\n<\/tr>\n<tr valign=\"TOP\">\n<td width=\"30%\">Answering it that<\/td>\n<td width=\"10%\"><\/td>\n<td width=\"60%\"><\/td>\n<\/tr>\n<tr valign=\"TOP\">\n<td width=\"30%\">Telling it about<\/td>\n<td width=\"10%\"><\/td>\n<td width=\"60%\"><\/td>\n<\/tr>\n<tr valign=\"TOP\">\n<td width=\"30%\">Asking it about<\/td>\n<td width=\"10%\"><\/td>\n<td width=\"60%\"><\/td>\n<\/tr>\n<tr valign=\"TOP\">\n<td width=\"30%\">Asking it for<\/td>\n<td width=\"10%\"><\/td>\n<td width=\"60%\"><\/td>\n<\/tr>\n<tr valign=\"TOP\">\n<td width=\"30%\">Waiting<\/td>\n<td width=\"10%\"><\/td>\n<td width=\"60%\"><\/td>\n<\/tr>\n<tr valign=\"TOP\">\n<td width=\"30%\">Touching<\/td>\n<td width=\"10%\"><\/td>\n<td width=\"60%\"><\/td>\n<\/tr>\n<tr valign=\"TOP\">\n<td width=\"30%\">Waving<\/td>\n<td width=\"10%\"><\/td>\n<td width=\"60%\"><\/td>\n<\/tr>\n<tr valign=\"TOP\">\n<td width=\"30%\">Pulling<\/td>\n<td width=\"10%\"><\/td>\n<td width=\"60%\"><\/td>\n<\/tr>\n<tr valign=\"TOP\">\n<td width=\"30%\">Pushing<\/td>\n<td width=\"10%\"><\/td>\n<td width=\"60%\"><\/td>\n<\/tr>\n<tr valign=\"TOP\">\n<td width=\"30%\">Turning<\/td>\n<td width=\"10%\"><\/td>\n<td width=\"60%\"><\/td>\n<\/tr>\n<tr valign=\"TOP\">\n<td width=\"30%\">Pushing it to<\/td>\n<td width=\"10%\"><\/td>\n<td width=\"60%\"><\/td>\n<\/tr>\n<tr valign=\"TOP\">\n<td width=\"30%\">Squeezing<\/td>\n<td width=\"10%\"><\/td>\n<td width=\"60%\"><\/td>\n<\/tr>\n<tr valign=\"TOP\">\n<td width=\"30%\">Saying yes<\/td>\n<td width=\"10%\"><\/td>\n<td width=\"60%\"><\/td>\n<\/tr>\n<tr valign=\"TOP\">\n<td width=\"30%\">Burning<\/td>\n<td width=\"10%\"><\/td>\n<td width=\"60%\"><\/td>\n<\/tr>\n<tr valign=\"TOP\">\n<td width=\"30%\">Waking up<\/td>\n<td width=\"10%\"><\/td>\n<td width=\"60%\"><\/td>\n<\/tr>\n<tr valign=\"TOP\">\n<td width=\"30%\">Thinking<\/td>\n<td width=\"10%\"><\/td>\n<td width=\"60%\"><\/td>\n<\/tr>\n<tr valign=\"TOP\">\n<td width=\"30%\">Smelling<\/td>\n<td width=\"10%\"><\/td>\n<td width=\"60%\"><\/td>\n<\/tr>\n<tr valign=\"TOP\">\n<td width=\"30%\">Listening to<\/td>\n<td width=\"10%\"><\/td>\n<td width=\"60%\"><\/td>\n<\/tr>\n<tr valign=\"TOP\">\n<td width=\"30%\">Tasting<\/td>\n<td width=\"10%\"><\/td>\n<td width=\"60%\"><\/td>\n<\/tr>\n<tr valign=\"TOP\">\n<td width=\"30%\">Cutting<\/td>\n<td width=\"10%\"><\/td>\n<td width=\"60%\"><\/td>\n<\/tr>\n<tr valign=\"TOP\">\n<td width=\"30%\">Jumping<\/td>\n<td width=\"10%\"><\/td>\n<td width=\"60%\"><\/td>\n<\/tr>\n<tr valign=\"TOP\">\n<td width=\"30%\">Tying it to<\/td>\n<td width=\"10%\"><\/td>\n<td width=\"60%\"><\/td>\n<\/tr>\n<tr valign=\"TOP\">\n<td width=\"30%\">Drinking<\/td>\n<td width=\"10%\"><\/td>\n<td width=\"60%\"><\/td>\n<\/tr>\n<tr valign=\"TOP\">\n<td width=\"30%\">Saying sorry<\/td>\n<td width=\"10%\"><\/td>\n<td width=\"60%\"><\/td>\n<\/tr>\n<tr valign=\"TOP\">\n<td width=\"30%\">Swearing obscenely<\/td>\n<td width=\"10%\"><\/td>\n<td width=\"60%\"><\/td>\n<\/tr>\n<tr valign=\"TOP\">\n<td width=\"30%\">Swearing mildly<\/td>\n<td width=\"10%\"><\/td>\n<td width=\"60%\"><\/td>\n<\/tr>\n<tr valign=\"TOP\">\n<td width=\"30%\">Swinging<\/td>\n<td width=\"10%\"><\/td>\n<td width=\"60%\"><\/td>\n<\/tr>\n<tr valign=\"TOP\">\n<td width=\"30%\">Rubbing<\/td>\n<td width=\"10%\"><\/td>\n<td width=\"60%\"><\/td>\n<\/tr>\n<tr valign=\"TOP\">\n<td width=\"30%\">Setting it to<\/td>\n<td width=\"10%\"><\/td>\n<td width=\"60%\"><\/td>\n<\/tr>\n<tr valign=\"TOP\">\n<td width=\"30%\">Waving hands<\/td>\n<td width=\"10%\"><\/td>\n<td width=\"60%\"><\/td>\n<\/tr>\n<tr valign=\"TOP\">\n<td width=\"30%\">Buying<\/td>\n<td width=\"10%\"><\/td>\n<td width=\"60%\"><\/td>\n<\/tr>\n<tr valign=\"TOP\">\n<td width=\"30%\">Singing<\/td>\n<td width=\"10%\"><\/td>\n<td width=\"60%\"><\/td>\n<\/tr>\n<tr valign=\"TOP\">\n<td width=\"30%\">Climbing<\/td>\n<td width=\"10%\"><\/td>\n<td width=\"60%\"><\/td>\n<\/tr>\n<tr valign=\"TOP\">\n<td width=\"30%\">Sleeping<\/td>\n<td width=\"10%\"><\/td>\n<td width=\"60%\"><\/td>\n<\/tr>\n<tr valign=\"TOP\">\n<td width=\"30%\">Quitting the game<\/td>\n<td width=\"10%\">it<\/td>\n<td width=\"60%\">quit<\/td>\n<\/tr>\n<tr valign=\"TOP\">\n<td width=\"30%\">Saving the game<\/td>\n<td width=\"10%\"><\/td>\n<td width=\"60%\"><\/td>\n<\/tr>\n<tr valign=\"TOP\">\n<td width=\"30%\">Restoring the game<\/td>\n<td width=\"10%\"><\/td>\n<td width=\"60%\"><\/td>\n<\/tr>\n<tr valign=\"TOP\">\n<td width=\"30%\">Restarting the game<\/td>\n<td width=\"10%\"><\/td>\n<td width=\"60%\"><\/td>\n<\/tr>\n<tr valign=\"TOP\">\n<td width=\"30%\">Requesting the score<\/td>\n<td width=\"10%\"><\/td>\n<td width=\"60%\"><\/td>\n<\/tr>\n<\/tbody>\n<\/table>\n<p>Die Valenz ist die Anzahl der Subjekte und Objekte zu der Aktion:<\/p>\n<p>it: intransitiv (es gibt nur ein Subjekt, den Handelnden)<br \/>\nmt: monotransitiv (es gibt neben dem Subjekt noch ein Objekt, <code>noun<\/code> genannt)<br \/>\ndt: ditransitiv (es gibt neben dem Subjekt zwei Objekte, <code>noun<\/code> und <code>second noun<\/code>)<\/p>\n","protected":false},"excerpt":{"rendered":"<p>(Eine Liste aller actions kriegt man auch \u00fcbersichtlich innerhalb der Entwicklungsumgebung.) Noch zu vervollst\u00e4ndigen. Den internen Namen der Aktion braucht man zum Beispiel f\u00fcr instead-Regeln. Die Verben sind diejenigen W\u00f6rter und Kombinationen, die der Parser erkennt und der Aktion zuordnet. &hellip; <a href=\"https:\/\/herr-rau.de\/blogs\/inform\/?page_id=146\">Weiterlesen <span class=\"meta-nav\">&rarr;<\/span><\/a><\/p>\n","protected":false},"author":1,"featured_media":0,"parent":145,"menu_order":0,"comment_status":"open","ping_status":"open","template":"","meta":{"footnotes":""},"class_list":["post-146","page","type-page","status-publish","hentry"],"_links":{"self":[{"href":"https:\/\/herr-rau.de\/blogs\/inform\/index.php?rest_route=\/wp\/v2\/pages\/146","targetHints":{"allow":["GET"]}}],"collection":[{"href":"https:\/\/herr-rau.de\/blogs\/inform\/index.php?rest_route=\/wp\/v2\/pages"}],"about":[{"href":"https:\/\/herr-rau.de\/blogs\/inform\/index.php?rest_route=\/wp\/v2\/types\/page"}],"author":[{"embeddable":true,"href":"https:\/\/herr-rau.de\/blogs\/inform\/index.php?rest_route=\/wp\/v2\/users\/1"}],"replies":[{"embeddable":true,"href":"https:\/\/herr-rau.de\/blogs\/inform\/index.php?rest_route=%2Fwp%2Fv2%2Fcomments&post=146"}],"version-history":[{"count":0,"href":"https:\/\/herr-rau.de\/blogs\/inform\/index.php?rest_route=\/wp\/v2\/pages\/146\/revisions"}],"up":[{"embeddable":true,"href":"https:\/\/herr-rau.de\/blogs\/inform\/index.php?rest_route=\/wp\/v2\/pages\/145"}],"wp:attachment":[{"href":"https:\/\/herr-rau.de\/blogs\/inform\/index.php?rest_route=%2Fwp%2Fv2%2Fmedia&parent=146"}],"curies":[{"name":"wp","href":"https:\/\/api.w.org\/{rel}","templated":true}]}}