{"id":159,"date":"2012-04-28T08:01:18","date_gmt":"2012-04-28T06:01:18","guid":{"rendered":"https:\/\/herr-rau.de\/blogs\/inform\/?page_id=159"},"modified":"2012-04-28T18:47:39","modified_gmt":"2012-04-28T16:47:39","slug":"bildungsstandards-informatik","status":"publish","type":"page","link":"https:\/\/herr-rau.de\/blogs\/inform\/?page_id=159","title":{"rendered":"Bildungsstandards Informatik"},"content":{"rendered":"<p><a href=\"http:\/\/www.sn.schule.de\/~istandard\/docs\/bildungsstandards_2008.pdf\">Grunds\u00e4tze und Standards f\u00fcr die Informatik in der Schule: Bildungsstandards Informatik f\u00fcr die Sekundarstufe I<br \/>\nEmpfehlungen der Gesellschaft f\u00fcr Informatik e. V. erarbeitet vom Arbeitskreis &#8220;Bildungsstandards&#8221;<\/a><\/p>\n<p>Inhaltsbereiche:<\/p>\n<ul>\n<li>Information und Daten<\/li>\n<li>Algorithmen<\/li>\n<li>Sprachen und Automaten<\/li>\n<li>Informatiksysteme<\/li>\n<li>Informatik, Mensch und Gesellschaft<\/li>\n<\/ul>\n<p>Prozessbereiche:<\/p>\n<ul>\n<li>Modellieren und Implementieren<\/li>\n<li>Begr\u00fcnden und Bewerten<\/li>\n<li>Strukturieren und Vernetzen<\/li>\n<li>Kommunizieren und Kooperieren<\/li>\n<li>Darstellen und Interpretieren<\/li>\n<\/ul>\n<p><em>To do: Welche Bereiche kann man mit Inform 7 abdecken?<\/em><\/p>\n","protected":false},"excerpt":{"rendered":"<p>Grunds\u00e4tze und Standards f\u00fcr die Informatik in der Schule: Bildungsstandards Informatik f\u00fcr die Sekundarstufe I Empfehlungen der Gesellschaft f\u00fcr Informatik e. V. erarbeitet vom Arbeitskreis &#8220;Bildungsstandards&#8221; Inhaltsbereiche: Information und Daten Algorithmen Sprachen und Automaten Informatiksysteme Informatik, Mensch und Gesellschaft Prozessbereiche: &hellip; <a href=\"https:\/\/herr-rau.de\/blogs\/inform\/?page_id=159\">Weiterlesen <span class=\"meta-nav\">&rarr;<\/span><\/a><\/p>\n","protected":false},"author":1,"featured_media":0,"parent":158,"menu_order":0,"comment_status":"open","ping_status":"open","template":"","meta":{"footnotes":""},"class_list":["post-159","page","type-page","status-publish","hentry"],"_links":{"self":[{"href":"https:\/\/herr-rau.de\/blogs\/inform\/index.php?rest_route=\/wp\/v2\/pages\/159","targetHints":{"allow":["GET"]}}],"collection":[{"href":"https:\/\/herr-rau.de\/blogs\/inform\/index.php?rest_route=\/wp\/v2\/pages"}],"about":[{"href":"https:\/\/herr-rau.de\/blogs\/inform\/index.php?rest_route=\/wp\/v2\/types\/page"}],"author":[{"embeddable":true,"href":"https:\/\/herr-rau.de\/blogs\/inform\/index.php?rest_route=\/wp\/v2\/users\/1"}],"replies":[{"embeddable":true,"href":"https:\/\/herr-rau.de\/blogs\/inform\/index.php?rest_route=%2Fwp%2Fv2%2Fcomments&post=159"}],"version-history":[{"count":0,"href":"https:\/\/herr-rau.de\/blogs\/inform\/index.php?rest_route=\/wp\/v2\/pages\/159\/revisions"}],"up":[{"embeddable":true,"href":"https:\/\/herr-rau.de\/blogs\/inform\/index.php?rest_route=\/wp\/v2\/pages\/158"}],"wp:attachment":[{"href":"https:\/\/herr-rau.de\/blogs\/inform\/index.php?rest_route=%2Fwp%2Fv2%2Fmedia&parent=159"}],"curies":[{"name":"wp","href":"https:\/\/api.w.org\/{rel}","templated":true}]}}