{"id":2,"date":"2012-03-06T05:24:44","date_gmt":"2012-03-06T05:24:44","guid":{"rendered":"https:\/\/herr-rau.de\/blogs\/inform\/?page_id=2"},"modified":"2018-05-05T11:32:49","modified_gmt":"2018-05-05T09:32:49","slug":"impressum","status":"publish","type":"page","link":"https:\/\/herr-rau.de\/blogs\/inform\/?page_id=2","title":{"rendered":"Impressum, Datenschutzerkl\u00e4rung &#038; FAQ"},"content":{"rendered":"<h1>Impressum<\/h1>\n<p>Angaben gem\u00e4\u00df \u00a7 5 TMG:<br \/>\nThomas Rau<br \/>\nNu\u00dfbaumstra\u00dfe 16<br \/>\n80336 M\u00fcnchen<br \/>\nlehrerzimmer@herr-rau.de<br \/>\n089 \/ 95476603<\/p>\n<h1>Datenschutzerkl\u00e4rung<\/h1>\n<p>Verantwortliche Stelle im Sinne der Datenschutzgesetze ist:<\/p>\n<p>\nThomas Rau<br \/>\nNu\u00dfbaumstra\u00dfe 16<br \/>\n80336 M\u00fcnchen<br \/>\nlehrerzimmer@herr-rau.de<\/p>\n<h2>Erfassung allgemeiner Informationen<\/h2>\n<p>Wenn Sie auf unsere Webseite zugreifen, werden automatisch Informationen allgemeiner Natur erfasst. Diese Informationen (Server-Logfiles) beinhalten etwa die Art des Webbrowsers, das verwendete Betriebssystem, den Domainnamen Ihres Internet Service Providers und \u00c4hnliches. Hierbei handelt es sich ausschlie\u00dflich um Informationen, welche keine R\u00fcckschl\u00fcsse auf Ihre Person zulassen. Diese Informationen sind technisch notwendig, um von Ihnen angeforderte Inhalte von Webseiten korrekt auszuliefern und fallen bei Nutzung des Internets zwingend an. Anonyme Informationen dieser Art werden von uns statistisch ausgewertet, um unseren Internetauftritt und die dahinterstehende Technik zu optimieren.<\/p>\n<h2>Cookies<\/h2>\n<p>Wie viele andere Webseiten verwenden wir auch so genannte \u201eCookies\u201c. Cookies sind kleine Textdateien, die von einem Webseitenserver auf Ihre Festplatte \u00fcbertragen werden. Hierdurch erhalten wir automatisch bestimmte Daten wie z. B. IP-Adresse, verwendeter Browser, Betriebssystem \u00fcber Ihren Computer und Ihre Verbindung zum Internet.<\/p>\n<p>Cookies k\u00f6nnen nicht verwendet werden, um Programme zu starten oder Viren auf einen Computer zu \u00fcbertragen. Anhand der in Cookies enthaltenen Informationen k\u00f6nnen wir Ihnen die Navigation erleichtern und die korrekte Anzeige unserer Webseiten erm\u00f6glichen.<\/p>\n<p>In keinem Fall werden die von uns erfassten Daten an Dritte weitergegeben oder ohne Ihre Einwilligung eine Verkn\u00fcpfung mit personenbezogenen Daten hergestellt.<\/p>\n<p>Nat\u00fcrlich k\u00f6nnen Sie unsere Website grunds\u00e4tzlich auch ohne Cookies betrachten. Internet-Browser sind regelm\u00e4\u00dfig so eingestellt, dass sie Cookies akzeptieren. Sie k\u00f6nnen die Verwendung von Cookies jederzeit \u00fcber die Einstellungen Ihres Browsers deaktivieren. Bitte verwenden Sie die Hilfefunktionen Ihres Internetbrowsers, um zu erfahren, wie Sie diese Einstellungen \u00e4ndern k\u00f6nnen. Bitte beachten Sie, dass einzelne Funktionen unserer Website m\u00f6glicherweise nicht funktionieren, wenn Sie die Verwendung von Cookies deaktiviert haben.<\/p>\n<h2>SSL-Verschl\u00fcsselung<\/h2>\n<p>Um die Sicherheit Ihrer Daten bei der \u00dcbertragung zu sch\u00fctzen, verwenden wir dem aktuellen Stand der Technik entsprechende Verschl\u00fcsselungsverfahren (z. B. SSL) \u00fcber HTTPS.<\/p>\n<h2>Kommentarfunktion<\/h2>\n<p>Wenn Nutzer Kommentare im Blog hinterlassen, werden neben diesen Angaben auch der Zeitpunkt ihrer Erstellung und der zuvor durch den Websitebesucher gew\u00e4hlte Nutzername gespeichert. Dies dient unserer Sicherheit, da wir f\u00fcr widerrechtliche Inhalte auf unserer Webseite belangt werden k\u00f6nnen, auch wenn diese durch Benutzer erstellt wurden.<\/p>\n<h2>Newsletter<\/h2>\n<p>Bei der Anmeldung zum Bezug unseres Newsletters werden die von Ihnen angegebenen Daten ausschlie\u00dflich f\u00fcr diesen Zweck verwendet. Abonnenten k\u00f6nnen auch \u00fcber Umst\u00e4nde per E-Mail informiert werden, die f\u00fcr den Dienst oder die Registrierung relevant sind (Beispielsweise \u00c4nderungen des Newsletterangebots oder technische Gegebenheiten).<\/p>\n<p>F\u00fcr eine wirksame Registrierung ben\u00f6tigen wir eine valide E-Mail-Adresse. Um zu \u00fcberpr\u00fcfen, dass eine Anmeldung tats\u00e4chlich durch den Inhaber einer E-Mail-Adresse erfolgt, setzen wir das \u201eDouble-opt-in\u201c-Verfahren ein. Hierzu protokollieren wir die Bestellung des Newsletters, den Versand einer Best\u00e4tigungsmail und den Eingang der hiermit angeforderten Antwort. Weitere Daten werden nicht erhoben. Die Daten werden ausschlie\u00dflich f\u00fcr den Newsletterversand verwendet und nicht an Dritte weitergegeben.<\/p>\n<p>Die Einwilligung zur Speicherung Ihrer pers\u00f6nlichen Daten und ihrer Nutzung f\u00fcr den Newsletterversand k\u00f6nnen Sie jederzeit widerrufen. In jedem Newsletter findet sich dazu ein entsprechender Link. Au\u00dferdem k\u00f6nnen Sie sich jederzeit auch direkt auf dieser Webseite abmelden oder uns Ihren entsprechenden Wunsch \u00fcber die am Ende dieser Datenschutzhinweise angegebene Kontaktm\u00f6glichkeit mitteilen.<\/p>\n<h2>L\u00f6schung bzw. Sperrung der Daten<\/h2>\n<p>Wir halten uns an die Grunds\u00e4tze der Datenvermeidung und Datensparsamkeit. Wir speichern Ihre personenbezogenen Daten daher nur so lange, wie dies zur Erreichung der hier genannten Zwecke erforderlich ist oder wie es die vom Gesetzgeber vorgesehenen vielf\u00e4ltigen Speicherfristen vorsehen. Nach Fortfall des jeweiligen Zweckes bzw. Ablauf dieser Fristen werden die entsprechenden Daten routinem\u00e4\u00dfig und entsprechend den gesetzlichen Vorschriften gesperrt oder gel\u00f6scht.<\/p>\n<h2>Eingebettete YouTube-Videos<\/h2>\n<p>Auf einigen unserer Webseiten betten wir Youtube-Videos ein. Betreiber der entsprechenden Plugins ist die YouTube, LLC, 901 Cherry Ave., San Bruno, CA 94066, USA. Wenn Sie eine Seite mit dem YouTube-Plugin besuchen, wird eine Verbindung zu Servern von Youtube hergestellt. Dabei wird Youtube mitgeteilt, welche Seiten Sie besuchen. Wenn Sie in Ihrem Youtube-Account eingeloggt sind, kann Youtube Ihr Surfverhalten Ihnen pers\u00f6nlich zuzuordnen. Dies verhindern Sie, indem Sie sich vorher aus Ihrem Youtube-Account ausloggen.<\/p>\n<p>Wird ein Youtube-Video gestartet, setzt der Anbieter Cookies ein, die Hinweise \u00fcber das Nutzerverhalten sammeln.<\/p>\n<p>Wer das Speichern von Cookies f\u00fcr das Google-Ad-Programm deaktiviert hat, wird auch beim Anschauen von Youtube-Videos mit keinen solchen Cookies rechnen m\u00fcssen. Youtube legt aber auch in anderen Cookies nicht-personenbezogene Nutzungsinformationen ab. M\u00f6chten Sie dies verhindern, so m\u00fcssen Sie das Speichern von Cookies im Browser blockieren.<\/p>\n<p>Weitere Informationen zum Datenschutz bei \u201eYoutube\u201c finden Sie in der Datenschutzerkl\u00e4rung des Anbieters unter: <a href=\"https:\/\/www.google.de\/intl\/de\/policies\/privacy\/\">https:\/\/www.google.de\/intl\/de\/policies\/privacy\/ <\/a><\/p>\n<h2><strong>Ihre Rechte auf Auskunft, Berichtigung, Sperre, L\u00f6schung und Widerspruch<\/strong><\/h2>\n<p>Sie haben das Recht, jederzeit Auskunft \u00fcber Ihre bei uns gespeicherten personenbezogenen Daten zu erhalten. Ebenso haben Sie das Recht auf Berichtigung, Sperrung oder, abgesehen von der vorgeschriebenen Datenspeicherung zur Gesch\u00e4ftsabwicklung, L\u00f6schung Ihrer personenbezogenen Daten. Bitte wenden Sie sich dazu an unseren Datenschutzbeauftragten. Die Kontaktdaten finden Sie ganz unten.<\/p>\n<p>Damit eine Sperre von Daten jederzeit ber\u00fccksichtigt werden kann, m\u00fcssen diese Daten zu Kontrollzwecken in einer Sperrdatei vorgehalten werden. Sie k\u00f6nnen auch die L\u00f6schung der Daten verlangen, soweit keine gesetzliche Archivierungsverpflichtung besteht. Soweit eine solche Verpflichtung besteht, sperren wir Ihre Daten auf Wunsch.<\/p>\n<p>Sie k\u00f6nnen \u00c4nderungen oder den Widerruf einer Einwilligung durch entsprechende Mitteilung an uns mit Wirkung f\u00fcr die Zukunft vornehmen.<\/p>\n<h2><strong>\u00c4nderung unserer Datenschutzbestimmungen<\/strong><\/h2>\n<p>Wir behalten uns vor, diese Datenschutzerkl\u00e4rung gelegentlich anzupassen, damit sie stets den aktuellen rechtlichen Anforderungen entspricht oder um \u00c4nderungen unserer Leistungen in der Datenschutzerkl\u00e4rung umzusetzen, z. B. bei der Einf\u00fchrung neuer Services. F\u00fcr Ihren erneuten Besuch gilt dann die neue Datenschutzerkl\u00e4rung.<\/p>\n<h2><strong>Fragen an den Datenschutzbeauftragten<\/strong><\/h2>\n<p>Wenn Sie Fragen zum Datenschutz haben, schreiben Sie uns bitte eine E-Mail oder wenden Sie sich direkt an unseren Datenschutzbeauftragten:<\/p>\n<p>lehrerzimmer@herr-rau.de<\/p>\n<p><em>Die Datenschutzerkl\u00e4rung wurde mit dem <\/em><a href=\"https:\/\/www.activemind.de\/datenschutz\/datenschutzhinweis-generator\/\"><em>Datenschutzerkl\u00e4rungs-Generator der activeMind AG erstellt<\/em><\/a><em>.<\/em><\/p>\n<hr\/>\n<h1>FAQ<\/h1>\n<p>Ich bin Lehrer f\u00fcr Deutsch, Englisch und Informatik an einem bayerischen Gymnasium und <a href=\"http:\/\/www.herr-rau.de\">blogge hier<\/a>. Text Adventures habe ich vor f\u00fcnfundzwanzig Jahren viel gespielt, den Kontakt zu Interactive Fiction aber nie v\u00f6llig verloren, auch wenn ich nicht mehr viel zum Spielen komme. Ich fange gerade erst an, auszuprobieren, wie sehr sich meine F\u00e4cher mit Inform 7 kombinieren lassen, und bastle deshalb an diesen Seiten.<\/p>\n<p>Ich habe so Englisch gelernt: Einmal \u00fcber das Lesen von englischen B\u00fcchern und Comics, und au\u00dferdem \u00fcber Spiele. Ganz am Anfang standen zum Beispiel die Text Adventures. Das waren Computerspiele ganz ohne Bilder; man wurde in eine mehr oder weniger gef\u00e4hrlich-phantastische Situation versetzt bekam in englischen S\u00e4tzen beschrieben, was um einen herum geschah, und musste in englischen S\u00e4tzen oder Satzfragmenten selber dem Computer mitteilen, was man tat. H\u00e4ufige Anweisungen waren zum Beispiel: &#8220;Go east&#8221;, &#8220;Look around&#8221;, &#8220;Take the sword&#8221; und &#8220;Attack the monster with the sword&#8221;. Da konnte man zumindest seinen Wortschatz erweitern. Ich wei\u00df heute noch, wie lange ich gegr\u00fcbelt hatte, wie ich die Fl\u00fcssigkeit aus der Flasche auf das Boot kriegen sollte, bis ich endlich auf das Verb &#8220;to pour&#8221; kam. <\/p>\n<p>So etwa sieht ein solches Spiel aus:<br \/>\n<img decoding=\"async\" src=\"http:\/\/www.herr-rau.de\/wordpress\/archiv\/zork.png\" alt=\"\" \/><\/p>\n<p>Kein Bild, nur Text, hellgrau auf schwarz. Wer lesen kann, den st\u00f6rt das nicht, der kann sich auch ohne bewegte Bilder Welten erschaffen. Tats\u00e4chlich waren mir die reinen Textadventures tats\u00e4chlich immer am liebsten. Aber schon bald darauf erschienen die ersten Bild-Adventures: Bei diesem wurde der Text durch Grafiken erg\u00e4nzt. So etwa &#8220;Blade of Blackpool&#8221;:<br \/>\n<img decoding=\"async\" src=\"http:\/\/www.herr-rau.de\/wordpress\/archiv\/bladeofblackpool.png\" alt=\"\" \/><\/p>\n<hr\/>\n<p>Als Lehrer habe ich Text Adventures gelegentlich im Englischunterricht eingesetzt. Die Sch\u00fcler kriegten <a href='https:\/\/herr-rau.de\/blogs\/inform\/files\/Zork_Arbeitsblatt.odt'>ein Arbeitsblatt<\/a> mit ein paar Vokabeln und einer angefangenen Karte:<br \/>\n<a href=\"https:\/\/herr-rau.de\/blogs\/inform\/files\/Zork_Arbeitsblatt.gif\"><img loading=\"lazy\" decoding=\"async\" src=\"https:\/\/herr-rau.de\/blogs\/inform\/files\/Zork_Arbeitsblatt-1024x617.gif\" alt=\"\" title=\"Zork_Arbeitsblatt\" width=\"590\" height=\"355\" class=\"alignnone size-large wp-image-111\" srcset=\"https:\/\/herr-rau.de\/blogs\/inform\/files\/Zork_Arbeitsblatt-1024x617.gif 1024w, https:\/\/herr-rau.de\/blogs\/inform\/files\/Zork_Arbeitsblatt-300x180.gif 300w\" sizes=\"auto, (max-width: 590px) 100vw, 590px\" \/><\/a><br \/>\n&#8211; und dann spielten die Sch\u00fcler.<\/p>\n<hr\/>\n<p>Danach hatte ich mal eine 6. Klasse in Informatik und in Englisch. Da bot es sich an, die Sch\u00fcler ein Haus mit Gegenst\u00e4nden bef\u00fcllen zu lassen. (<a href=\"http:\/\/www.herr-rau.de\/wordpress\/2006\/11\/textadventures-im-informatikunterricht.htm\">Blogeintrag dazu.<\/a>) So sah ein Gegenstand aus:<\/p>\n<pre class=\"brush: plain; title: ; notranslate\" title=\"\">schoolbag1: openable\r\n sdesc = &quot;green schoolbag&quot;\r\n ldesc = &quot;It's a green schoolbag with a black car on it. It is\r\n          wonderful.&quot;\r\n noun = 'schoolbag'\r\n adjective = 'green'\r\n location = bathroom\r\n;\r\n<\/pre>\n<hr\/>\n<p>Und als mir die wunderbare Sprache Inform 7 unterkam, war der n\u00e4chste Schritt klar: kann man Inform 7 f\u00fcr den Informatikunterricht nutzen? Dabei hilft es nat\u00fcrlich, dass ich gleichzeitig auch noch Deutsch- und Englischlehrer bin. Und hier trage ich meine Gedanken dazu zusammen.<\/p>\n","protected":false},"excerpt":{"rendered":"<p>Impressum Angaben gem\u00e4\u00df \u00a7 5 TMG: Thomas Rau Nu\u00dfbaumstra\u00dfe 16 80336 M\u00fcnchen lehrerzimmer@herr-rau.de 089 \/ 95476603 Datenschutzerkl\u00e4rung Verantwortliche Stelle im Sinne der Datenschutzgesetze ist: Thomas Rau Nu\u00dfbaumstra\u00dfe 16 80336 M\u00fcnchen lehrerzimmer@herr-rau.de Erfassung allgemeiner Informationen Wenn Sie auf unsere Webseite zugreifen, &hellip; <a href=\"https:\/\/herr-rau.de\/blogs\/inform\/?page_id=2\">Weiterlesen <span class=\"meta-nav\">&rarr;<\/span><\/a><\/p>\n","protected":false},"author":10,"featured_media":0,"parent":0,"menu_order":9,"comment_status":"open","ping_status":"open","template":"","meta":{"footnotes":""},"class_list":["post-2","page","type-page","status-publish","hentry"],"_links":{"self":[{"href":"https:\/\/herr-rau.de\/blogs\/inform\/index.php?rest_route=\/wp\/v2\/pages\/2","targetHints":{"allow":["GET"]}}],"collection":[{"href":"https:\/\/herr-rau.de\/blogs\/inform\/index.php?rest_route=\/wp\/v2\/pages"}],"about":[{"href":"https:\/\/herr-rau.de\/blogs\/inform\/index.php?rest_route=\/wp\/v2\/types\/page"}],"author":[{"embeddable":true,"href":"https:\/\/herr-rau.de\/blogs\/inform\/index.php?rest_route=\/wp\/v2\/users\/10"}],"replies":[{"embeddable":true,"href":"https:\/\/herr-rau.de\/blogs\/inform\/index.php?rest_route=%2Fwp%2Fv2%2Fcomments&post=2"}],"version-history":[{"count":0,"href":"https:\/\/herr-rau.de\/blogs\/inform\/index.php?rest_route=\/wp\/v2\/pages\/2\/revisions"}],"wp:attachment":[{"href":"https:\/\/herr-rau.de\/blogs\/inform\/index.php?rest_route=%2Fwp%2Fv2%2Fmedia&parent=2"}],"curies":[{"name":"wp","href":"https:\/\/api.w.org\/{rel}","templated":true}]}}