{"id":77,"date":"2012-04-17T09:37:05","date_gmt":"2012-04-17T07:37:05","guid":{"rendered":"https:\/\/herr-rau.de\/blogs\/inform\/?page_id=77"},"modified":"2012-04-24T12:14:47","modified_gmt":"2012-04-24T10:14:47","slug":"kurse","status":"publish","type":"page","link":"https:\/\/herr-rau.de\/blogs\/inform\/?page_id=77","title":{"rendered":"Kurse"},"content":{"rendered":"<p>Das k\u00f6nnte mal so etwas wie das Herzst\u00fcck dieser Seiten werden: Anleitungen f\u00fcr Sch\u00fcler im Zusammenhang mit dem Informatikunterricht. Das hei\u00dft: Sch\u00fcler, die Informatik lernen sollen, und die sich nicht von selber auf das Schreiben von Interactive Fiction st\u00fcrzen werden.<\/p>\n<p>Bislang gibt es hie rnur den ersten Teil eines solchen Kurses, den ich mit einer 10. Klasse ausprobiert habe.<\/p>\n","protected":false},"excerpt":{"rendered":"<p>Das k\u00f6nnte mal so etwas wie das Herzst\u00fcck dieser Seiten werden: Anleitungen f\u00fcr Sch\u00fcler im Zusammenhang mit dem Informatikunterricht. Das hei\u00dft: Sch\u00fcler, die Informatik lernen sollen, und die sich nicht von selber auf das Schreiben von Interactive Fiction st\u00fcrzen werden. &hellip; <a href=\"https:\/\/herr-rau.de\/blogs\/inform\/?page_id=77\">Weiterlesen <span class=\"meta-nav\">&rarr;<\/span><\/a><\/p>\n","protected":false},"author":1,"featured_media":0,"parent":0,"menu_order":4,"comment_status":"open","ping_status":"closed","template":"","meta":{"footnotes":""},"class_list":["post-77","page","type-page","status-publish","hentry"],"_links":{"self":[{"href":"https:\/\/herr-rau.de\/blogs\/inform\/index.php?rest_route=\/wp\/v2\/pages\/77","targetHints":{"allow":["GET"]}}],"collection":[{"href":"https:\/\/herr-rau.de\/blogs\/inform\/index.php?rest_route=\/wp\/v2\/pages"}],"about":[{"href":"https:\/\/herr-rau.de\/blogs\/inform\/index.php?rest_route=\/wp\/v2\/types\/page"}],"author":[{"embeddable":true,"href":"https:\/\/herr-rau.de\/blogs\/inform\/index.php?rest_route=\/wp\/v2\/users\/1"}],"replies":[{"embeddable":true,"href":"https:\/\/herr-rau.de\/blogs\/inform\/index.php?rest_route=%2Fwp%2Fv2%2Fcomments&post=77"}],"version-history":[{"count":0,"href":"https:\/\/herr-rau.de\/blogs\/inform\/index.php?rest_route=\/wp\/v2\/pages\/77\/revisions"}],"wp:attachment":[{"href":"https:\/\/herr-rau.de\/blogs\/inform\/index.php?rest_route=%2Fwp%2Fv2%2Fmedia&parent=77"}],"curies":[{"name":"wp","href":"https:\/\/api.w.org\/{rel}","templated":true}]}}