{"id":78,"date":"2012-04-17T09:37:36","date_gmt":"2012-04-17T07:37:36","guid":{"rendered":"https:\/\/herr-rau.de\/blogs\/inform\/?page_id=78"},"modified":"2015-03-08T14:37:15","modified_gmt":"2015-03-08T13:37:15","slug":"links","status":"publish","type":"page","link":"https:\/\/herr-rau.de\/blogs\/inform\/?page_id=78","title":{"rendered":"Links"},"content":{"rendered":"<h4>Einf\u00fchrung in Text Adventures<\/h4>\n<ul>\n<li><a href=\"http:\/\/playfic.com\/games\/cooper\/tutorial\">http:\/\/playfic.com\/games\/cooper\/tutorial<br \/>\n<\/a>Kleines Tutorial von Cooper McHatton f\u00fcr Leute, die wirklich noch nie so etwas gespielt haben. (Englisch.)<\/li>\n<li><a href=\"http:\/\/pintman.yourweb.de\/pintman\/IF-Tutorial\/play.html\">http:\/\/pintman.yourweb.de\/pintman\/IF-Tutorial\/play.html<br \/>\n<\/a>Deutsche \u00dcbersetzung davon von Marco Bakera.<\/li>\n<\/ul>\n<h4>Inform 7<\/h4>\n<ul>\n<li><a href=\"http:\/\/inform7.com\/\">http:\/\/inform7.com\/<br \/>\n<\/a>Die Inform-7-Webseite. Dort auch Download der Entwicklungsumgebung und viele Informationen.<\/li>\n<li>Die Entwicklungsumgebung von Inform 7 enth\u00e4lt bereits zwei Handb\u00fccher, Writing with Inform und The Inform Recipe Book. Beide gibt es auch online:<a href=\"http:\/\/inform7.com\/learn\/manuals\/\"><br \/>\nhttp:\/\/inform7.com\/learn\/manuals\/<\/a><\/li>\n<li>Bei Wikibooks gibt es einen Beginner&#8217;s Guide to Interactive Fiction with Inform 7http:\/\/en.wikibooks.org:<a href=\"http:\/\/en.wikibooks.org\/wiki\/Beginner%27s_Guide_to_Interactive_Fiction_with_Inform_7\/Getting_Started_with_Inform_7\">\/wiki\/Beginner%27s_Guide_to_Interactive_Fiction_with_Inform_7\/Getting_Started_with_Inform_7<\/a><\/li>\n<li>Erweiterungen, um deutschsprachige Spiele zu erzeugen:<a href=\"http:\/\/inform7.com\/extensions\/translations\/\"><br \/>\nhttp:\/\/inform7.com\/extensions\/translations\/<\/a><\/li>\n<li>The Inform Handbook &#8211; ein umfangreiches, aber einfaches Tutorial von Jim Aikin:<br \/>\n<a href=\"http:\/\/www.musicwords.net\/if\/i7hb.htm\">http:\/\/www.musicwords.net\/if\/i7hb.htm<\/a><\/li>\n<li>Sehr n\u00fctzliches Cheat Sheet mit allen Befehlen von Mark-Oliver Reiser:<br \/>\n<a href=\"http:\/\/user.cs.tu-berlin.de\/~moreiser\/inform\/\">http:\/\/user.cs.tu-berlin.de\/~moreiser\/inform\/<\/a><\/li>\n<li>Tutorialspiel &#8220;Mariel&#8221; und vor allem eine ausf\u00fchrlich deutschsprachige Einf\u00fchrung in Inform 7 anhand des Spiels als pdf dazu. (Auch zur Erweiterung f\u00fcr deutschsprachige Spiele.)<br \/>\n<a href=\"http:\/\/www.michaelbaltes.com\/IF%20Mariel\/\">http:\/\/www.michaelbaltes.com\/IF%20Mariel\/<\/a><\/li>\n<\/ul>\n<h4>Zus\u00e4tzliche Software<\/h4>\n<ul>\n<li>Gargoyle &#8211; ein Interpreter f\u00fcr verschiedene IF-Formate, unter anderem Inform 7:<br \/>\n<a href=\"http:\/\/ccxvii.net\/gargoyle\/\">http:\/\/ccxvii.net\/gargoyle\/<\/a><\/li>\n<\/ul>\n<h4>Quellen f\u00fcr Spiele<\/h4>\n<ul>\n<li>Interactive Fiction Database:<a href=\"http:\/\/ifdb.tads.org\"> http:\/\/ifdb.tads.org\/<\/a>\n<ul>\n<li>A Poll: Games for Beginners:<br \/>\n<a href=\"http:\/\/ifdb.tads.org\/poll?id=memavsp06v1oc571\">http:\/\/ifdb.tads.org\/poll?id=memavsp06v1oc571<\/a><\/li>\n<\/ul>\n<\/li>\n<li>The Interactive Fiction Archive:<br \/>\n<a href=\"http:\/\/www.ifarchive.org\/\">http:\/\/www.ifarchive.org\/<\/a><\/li>\n<\/ul>\n<h4>Alternativen zu Inform<\/h4>\n<ul>\n<li>TADS (erinnert an herk\u00f6mmliche Programmiersprachen):<br \/>\n<a href=\"http:\/\/www.tads.org\/\">http:\/\/www.tads.org\/<\/a><\/li>\n<li>ADRIFT (grafische Programmierung):<br \/>\n<a href=\"http:\/\/www.adrift.co\/\">http:\/\/www.adrift.co\/<\/a><\/li>\n<\/ul>\n<h4>Foren und Portale zu Interactive Fiction<\/h4>\n<ul>\n<li>if-de:<br \/>\n<a href=\"http:\/\/forum.ifzentrale.de\/\">http:\/\/forum.ifzentrale.de\/<\/a><\/li>\n<li>iffwizz interactive fiction database:<br \/>\n<a href=\"http:\/\/ifwizz.de\/\">http:\/\/ifwizz.de\/<\/a><\/li>\n<li>ifwiki.org:<br \/>\n<a href=\"http:\/\/www.ifwiki.org\/index.php\/Main_Page\">http:\/\/www.ifwiki.org\/index.php\/Main_Page<\/a><\/li>\n<li>playfic.com:<br \/>\n<a href=\"http:\/\/playfic.com\/\">http:\/\/playfic.com\/<\/a><\/li>\n<\/ul>\n<h4>Programmieren in Inform 7<\/h4>\n<ul>\n<li><a href=\"http:\/\/www.ifwiki.org\/index.php\/Inform_7_for_Programmers\/Part_1\">http:\/\/www.ifwiki.org\/index.php\/Inform_7_for_Programmers\/Part_1<\/a><a href=\"http:\/\/www.ifwiki.org\/index.php\/Inform_7_for_Programmers\/Part_1\"><br \/>\n<\/a>Inform for Programmers &#8211; auch wenn das gerade der umgekehrte Weg ist, den ich einschlage. Mir geht es ja eher um <em>Programming for Student Inform Writers<\/em>, sozusagen. Aber hier kann man sich als Informatiker gut orientieren, was die Unterschiede zwischen Inform und anderen Sprachen sind.<\/li>\n<li>\u00dcberblick \u00fcber Syntax von Inform 7:<a href=\"http:\/\/inform7.com\/learn\/documents\/I7_syntax.txt\"><br \/>\nhttp:\/\/inform7.com\/learn\/documents\/I7_syntax.txt<br \/>\n<\/a>Dijkstra-Algorithmus:<a href=\"http:\/\/en.literateprograms.org\/Dijkstra%27s_algorithm_%28Inform_7%29\"><br \/>\nhttp:\/\/en.literateprograms.org\/Dijkstra%27s_algorithm_%28Inform_7%29<\/a><\/li>\n<li>99 Bottles of Beer on the Wall:<a href=\"http:\/\/en.literateprograms.org\/99_Bottles_of_Beer_%28Inform_7%29\"><br \/>\nhttp:\/\/en.literateprograms.org\/99_Bottles_of_Beer_%28Inform_7%29<\/a><\/li>\n<li><a href=\"http:\/\/rosettacode.org\/wiki\/Category:Inform_7\">http:\/\/rosettacode.org\/wiki\/Category:Inform_7<br \/>\n<\/a>Inform 7 bei Rosetta Code: Rosetta Code ist ein Wiki, bei dem verschiedene typische Programmieraufgaben oder Konzepte in verschiedenen Sprachen nebeneinander dargestellt sind. Die T\u00fcrme von Hanoi in 85 verschiedenen Sprachen, einschlie\u00dflich Inform 7? Bittesch\u00f6n.<\/li>\n<\/ul>\n<h4>Textspiele in der Schule<\/h4>\n<ul>\n<li><a href=\"http:\/\/web.fu-berlin.de\/phin\/phin15\/p15t2.htm\">&#8220;Auf der Suche nach dem verlorenen Text: Literaturwissenschaften und Computerspiele&#8221;<\/a> (Julian K\u00fccklich)<\/li>\n<li><a href=\"https:\/\/herr-rau.de\/blogs\/inform\/files\/Computerspiele_als_Literatur.pdf\">&#8220;Computerspiele als Literatur &#8211; Sch\u00fcler der 11. Klasse erfahren und analysieren Computerspiele im Deutschunterricht&#8221;<\/a> (Kai Roos, Studienseminar f\u00fcr das Lehramt f\u00fcr die Sekundarstufe II Bonn)<\/li>\n<li><a href=\"https:\/\/herr-rau.de\/blogs\/inform\/files\/Goethe.pdf\">Goethes <em>Wahlverwandschaften<\/em> als Interactive Fiction: &#8220;Goethe&#8217;s &#8216;Elective Affinities&#8217; as E-Learning. Developing Exercises for German Classes in the Secondary School Level 2&#8221;<\/a>, by Wiebke Schwelgengr\u00e4ber, Mario Donick, and Franziska Sch\u00f6nfeld, presented at the E-Learning Baltics 2009 Conference<\/li>\n<li><a href=\"http:\/\/if1.home.comcast.net\/~if1\/index.html\">Teaching and Learning With Interactive Fiction. A Web Site for Kids, Educators, and Other Readers<\/a> (Brendan Desilets)<\/li>\n<li><a href=\"http:\/\/inform7.com\/teach\/\">Die Seiten zu Inform in der Schule auf der Inform-7-Webseite.<\/a> Sehr viel Material, zu Interactive Fiction als historische Simulation, zum Spracherwerb, zur Literaturbehandlung &#8211; aber eigentlich gar nichts zur Informatik. Bis auf ein Spiel zum Lernen von LISP, geschrieben in Inform 6&#8230;<\/li>\n<li><a href=\"http:\/\/emshort.wordpress.com\/how-to-play\/teaching-if\/\">Materialsammlung von Emily Short zu Teaching Interactive Fiction.<\/a> Auch hier wieder viel Media, Language, History &#8211; aber keine Informatik.<\/li>\n<li><a href=\"http:\/\/ifwizz.de\/interactive-fiction-wettbewerbe-projekte-schuelerprojekte.html\">Sch\u00fclerprojekte bei ifwizz<\/a><\/li>\n<li>Sehr simple Spiele (CYOA &#8211; Choose-Your-Own-Adventure-Style) bei Cornelsen als Begleitung zu einem Englisch-Schulbuch: <a href=\"http:\/\/www.cornelsen.de\/webunits\/englisch\/engl_G21\/band3\/unit2_robin_hood\/\">Robin Hood<\/a> und ein <a href=\"http:\/\/www.cornelsen.de\/webunits\/englisch\/engl_G21\/band2\/unit5_pirates\/\">Piratenspiel<\/a>.<\/li>\n<li><a href=\"http:\/\/www.martin-oehm.de\/adv\/prospero.html\">\u00dcberlegungen von Martin Oehm<\/a> und Kritik zu einem Schulprojekt und zu Sch\u00fcler-Adventures. (Ausgangspunkt auch wieder: Deutschunterricht, nicht Informatik.)<\/li>\n<li><a href=\"http:\/\/www.martinjakobs.de\/media\/Fachseminar\/08.%20Fachseminar%20-%20Einstieg%20in%20die%20Objektorientierte%20Programmierung.pdf\">Text Adventures als Einstieg ins objektorientierte Programmieren<\/a> (Martin Jakobs, Lehrer und regionaler Fachberater f\u00fcr Informatik, in Rheinland-Pfalz)<\/li>\n<li>Nicht f\u00fcr die Schule, eher f\u00fcr die Uni: Anmerkungen zu Umberto Eco, <em>Der Name der Rose<\/em>, <a href=\"http:\/\/otagoenglish4postgrads.pbworks.com\/f\/gamea.html\">als Interactive Fiction<\/a><\/li>\n<li>Historical simulation games in the classroom:<br \/>\n<a href=\"http:\/\/gamingthepast.net\/simulation-design\/inform-7\/inform-simulation-assignments-and-rubrics\">http:\/\/gamingthepast.net\/simulation-design\/inform-7\/inform-simulation-assignments-and-rubrics<\/a><\/li>\n<\/ul>\n","protected":false},"excerpt":{"rendered":"<p>Einf\u00fchrung in Text Adventures http:\/\/playfic.com\/games\/cooper\/tutorial Kleines Tutorial von Cooper McHatton f\u00fcr Leute, die wirklich noch nie so etwas gespielt haben. (Englisch.) http:\/\/pintman.yourweb.de\/pintman\/IF-Tutorial\/play.html Deutsche \u00dcbersetzung davon von Marco Bakera. Inform 7 http:\/\/inform7.com\/ Die Inform-7-Webseite. Dort auch Download der Entwicklungsumgebung und viele &hellip; <a href=\"https:\/\/herr-rau.de\/blogs\/inform\/?page_id=78\">Weiterlesen <span class=\"meta-nav\">&rarr;<\/span><\/a><\/p>\n","protected":false},"author":1,"featured_media":0,"parent":162,"menu_order":0,"comment_status":"open","ping_status":"closed","template":"","meta":{"footnotes":""},"class_list":["post-78","page","type-page","status-publish","hentry"],"_links":{"self":[{"href":"https:\/\/herr-rau.de\/blogs\/inform\/index.php?rest_route=\/wp\/v2\/pages\/78","targetHints":{"allow":["GET"]}}],"collection":[{"href":"https:\/\/herr-rau.de\/blogs\/inform\/index.php?rest_route=\/wp\/v2\/pages"}],"about":[{"href":"https:\/\/herr-rau.de\/blogs\/inform\/index.php?rest_route=\/wp\/v2\/types\/page"}],"author":[{"embeddable":true,"href":"https:\/\/herr-rau.de\/blogs\/inform\/index.php?rest_route=\/wp\/v2\/users\/1"}],"replies":[{"embeddable":true,"href":"https:\/\/herr-rau.de\/blogs\/inform\/index.php?rest_route=%2Fwp%2Fv2%2Fcomments&post=78"}],"version-history":[{"count":0,"href":"https:\/\/herr-rau.de\/blogs\/inform\/index.php?rest_route=\/wp\/v2\/pages\/78\/revisions"}],"up":[{"embeddable":true,"href":"https:\/\/herr-rau.de\/blogs\/inform\/index.php?rest_route=\/wp\/v2\/pages\/162"}],"wp:attachment":[{"href":"https:\/\/herr-rau.de\/blogs\/inform\/index.php?rest_route=%2Fwp%2Fv2%2Fmedia&parent=78"}],"curies":[{"name":"wp","href":"https:\/\/api.w.org\/{rel}","templated":true}]}}