{"id":87,"date":"2012-04-22T13:04:20","date_gmt":"2012-04-22T11:04:20","guid":{"rendered":"https:\/\/herr-rau.de\/blogs\/inform\/?page_id=87"},"modified":"2012-05-01T07:22:10","modified_gmt":"2012-05-01T05:22:10","slug":"kurs-1","status":"publish","type":"page","link":"https:\/\/herr-rau.de\/blogs\/inform\/?page_id=87","title":{"rendered":"Tutorial f\u00fcr 10. Klasse (Test)"},"content":{"rendered":"<p>Das ist der Anfang einer Anleitungsreihe f\u00fcr eine 10. Klasse in Informatik. Manches werde ich beim n\u00e4chsten Kurs anders machen.<\/p>\n<p><a href=\"https:\/\/herr-rau.de\/blogs\/inform\/files\/red_riding_hood.png\"><img loading=\"lazy\" decoding=\"async\" src=\"https:\/\/herr-rau.de\/blogs\/inform\/files\/red_riding_hood-150x150.png\" alt=\"\" title=\"red_riding_hood\" width=\"150\" height=\"150\" class=\"alignnone size-thumbnail wp-image-118\" \/><\/a><\/p>\n<ul class=\"lcp_catlist\" id=\"lcp_instance_0\"><li><a href=\"https:\/\/herr-rau.de\/blogs\/inform\/?p=7\">Kapitel 1: Ausprobieren<\/a><\/li><li><a href=\"https:\/\/herr-rau.de\/blogs\/inform\/?p=5\">Kapitel 2: \u00dcberblick<\/a><\/li><li><a href=\"https:\/\/herr-rau.de\/blogs\/inform\/?p=25\">Kapitel 3: Eine Geschichte und eine Karte<\/a><\/li><li><a href=\"https:\/\/herr-rau.de\/blogs\/inform\/?p=28\">Kapitel 4: Das Programm starten<\/a><\/li><li><a href=\"https:\/\/herr-rau.de\/blogs\/inform\/?p=30\">Kapitel 5: R\u00e4ume anlegen<\/a><\/li><li><a href=\"https:\/\/herr-rau.de\/blogs\/inform\/?p=31\">Kapitel 6: Dinge anlegen<\/a><\/li><li><a href=\"https:\/\/herr-rau.de\/blogs\/inform\/?p=35\">Kapitel 7: Dinge ansehnlich machen<\/a><\/li><li><a href=\"https:\/\/herr-rau.de\/blogs\/inform\/?p=37\">Kapitel 8: Kurzer Ausblick f\u00fcr Neugierige: Wie es weiter geht<\/a><\/li><li><a href=\"https:\/\/herr-rau.de\/blogs\/inform\/?p=42\">Kapitel 9: Eine Eigenschaft von Dingen: Dekoration sein<\/a><\/li><li><a href=\"https:\/\/herr-rau.de\/blogs\/inform\/?p=44\">Kapitel 10: Wortwahl, oder wie man es dem Spieler leichter macht<\/a><\/li><li><a href=\"https:\/\/herr-rau.de\/blogs\/inform\/?p=45\">Kapitel 11: Erste Pause<\/a><\/li><li><a href=\"https:\/\/herr-rau.de\/blogs\/inform\/?p=46\">Kapitel 12: Arten von Dingen (Beh\u00e4lter und Oberfl\u00e4chen)<\/a><\/li><li><a href=\"https:\/\/herr-rau.de\/blogs\/inform\/?p=49\">Kapitel 13: Eigenschaften von Dingen (Einf\u00fchrung)<\/a><\/li><li><a href=\"https:\/\/herr-rau.de\/blogs\/inform\/?p=51\">Kapitel 14: Eigenschaften von Beh\u00e4ltern und Supportern<\/a><\/li><li><a href=\"https:\/\/herr-rau.de\/blogs\/inform\/?p=54\">Kapitel 15: Weitere Arten von Dingen (Klassen)<\/a><\/li><li><a href=\"https:\/\/herr-rau.de\/blogs\/inform\/?p=63\">Kapitel 16: Eigenschaften von Objekten (\u00dcbersicht)<\/a><\/li><li><a href=\"https:\/\/herr-rau.de\/blogs\/inform\/?p=64\">Kapitel 17: Klassendiagramm und kleines Quiz<\/a><\/li><li><a href=\"https:\/\/herr-rau.de\/blogs\/inform\/?p=66\">Kapitel 18: Aufgaben<\/a><\/li><\/ul>\n","protected":false},"excerpt":{"rendered":"<p>Das ist der Anfang einer Anleitungsreihe f\u00fcr eine 10. Klasse in Informatik. Manches werde ich beim n\u00e4chsten Kurs anders machen.<\/p>\n","protected":false},"author":1,"featured_media":0,"parent":77,"menu_order":0,"comment_status":"open","ping_status":"closed","template":"","meta":{"footnotes":""},"class_list":["post-87","page","type-page","status-publish","hentry"],"_links":{"self":[{"href":"https:\/\/herr-rau.de\/blogs\/inform\/index.php?rest_route=\/wp\/v2\/pages\/87","targetHints":{"allow":["GET"]}}],"collection":[{"href":"https:\/\/herr-rau.de\/blogs\/inform\/index.php?rest_route=\/wp\/v2\/pages"}],"about":[{"href":"https:\/\/herr-rau.de\/blogs\/inform\/index.php?rest_route=\/wp\/v2\/types\/page"}],"author":[{"embeddable":true,"href":"https:\/\/herr-rau.de\/blogs\/inform\/index.php?rest_route=\/wp\/v2\/users\/1"}],"replies":[{"embeddable":true,"href":"https:\/\/herr-rau.de\/blogs\/inform\/index.php?rest_route=%2Fwp%2Fv2%2Fcomments&post=87"}],"version-history":[{"count":0,"href":"https:\/\/herr-rau.de\/blogs\/inform\/index.php?rest_route=\/wp\/v2\/pages\/87\/revisions"}],"up":[{"embeddable":true,"href":"https:\/\/herr-rau.de\/blogs\/inform\/index.php?rest_route=\/wp\/v2\/pages\/77"}],"wp:attachment":[{"href":"https:\/\/herr-rau.de\/blogs\/inform\/index.php?rest_route=%2Fwp%2Fv2%2Fmedia&parent=87"}],"curies":[{"name":"wp","href":"https:\/\/api.w.org\/{rel}","templated":true}]}}