{"id":93,"date":"2012-04-22T15:03:26","date_gmt":"2012-04-22T13:03:26","guid":{"rendered":"https:\/\/herr-rau.de\/blogs\/inform\/?page_id=93"},"modified":"2012-05-09T13:59:03","modified_gmt":"2012-05-09T11:59:03","slug":"graphen","status":"publish","type":"page","link":"https:\/\/herr-rau.de\/blogs\/inform\/?page_id=93","title":{"rendered":"Graphen"},"content":{"rendered":"<p>Ungewichtete Graphen lassen sich leicht modellieren: man nimmt jeden Raum als Knoten und die Verbindungen zwischen R\u00e4umen als Kanten. Das kann gerichtet sein oder nicht. Man ist zwar erst mal auf acht Himmelsrichtungen plus oben und unten begrenzt, aber zehn m\u00f6gliche Kanten reichen f\u00fcr Schulbeispiele auch aus. <\/p>\n<p>(Wer mehr m\u00f6chte, k\u00f6nnte weitere Himmelsrichtungen definieren.)<\/p>\n<p>Ein gewichteter Graph ist etwas schwieriger umzusetzen. Man k\u00f6nnte zum Beispiel statt herk\u00f6mmlicher Verbindungen zwischen den R\u00e4umen T\u00fcren setzen, und jede T\u00fcr erh\u00e4lt &#8211; je nach Richtung &#8211; eine oder zwei Gewichtungen.<\/p>\n<p>Als Methode bei Graphen sollte ich zumindest mal die  Tiefensuche umsetzen. Ich arbeite daran.<\/p>\n<p>Ideen zum Ausf\u00fchren sp\u00e4ter mal:<\/p>\n<p>* Dijkstra siehe hier: http:\/\/en.literateprograms.org\/Dijkstra%27s_algorithm_%28Inform_7%29 &#8211; auch wenn ich hoffe, dass das noch anders geht.<\/p>\n<p>* Einf\u00fchrung in Tiefensuche: Labyrinth anlegen zum Durchbewegen; Spieler d\u00fcrfen sich keine Karte zeichnen, kriegen aber jede Menge Fackeln zur Markierung. Ziel: alle R\u00e4ume besucht haben.<\/p>\n","protected":false},"excerpt":{"rendered":"<p>Ungewichtete Graphen lassen sich leicht modellieren: man nimmt jeden Raum als Knoten und die Verbindungen zwischen R\u00e4umen als Kanten. Das kann gerichtet sein oder nicht. Man ist zwar erst mal auf acht Himmelsrichtungen plus oben und unten begrenzt, aber zehn &hellip; <a href=\"https:\/\/herr-rau.de\/blogs\/inform\/?page_id=93\">Weiterlesen <span class=\"meta-nav\">&rarr;<\/span><\/a><\/p>\n","protected":false},"author":1,"featured_media":0,"parent":94,"menu_order":0,"comment_status":"open","ping_status":"closed","template":"","meta":{"footnotes":""},"class_list":["post-93","page","type-page","status-publish","hentry"],"_links":{"self":[{"href":"https:\/\/herr-rau.de\/blogs\/inform\/index.php?rest_route=\/wp\/v2\/pages\/93","targetHints":{"allow":["GET"]}}],"collection":[{"href":"https:\/\/herr-rau.de\/blogs\/inform\/index.php?rest_route=\/wp\/v2\/pages"}],"about":[{"href":"https:\/\/herr-rau.de\/blogs\/inform\/index.php?rest_route=\/wp\/v2\/types\/page"}],"author":[{"embeddable":true,"href":"https:\/\/herr-rau.de\/blogs\/inform\/index.php?rest_route=\/wp\/v2\/users\/1"}],"replies":[{"embeddable":true,"href":"https:\/\/herr-rau.de\/blogs\/inform\/index.php?rest_route=%2Fwp%2Fv2%2Fcomments&post=93"}],"version-history":[{"count":0,"href":"https:\/\/herr-rau.de\/blogs\/inform\/index.php?rest_route=\/wp\/v2\/pages\/93\/revisions"}],"up":[{"embeddable":true,"href":"https:\/\/herr-rau.de\/blogs\/inform\/index.php?rest_route=\/wp\/v2\/pages\/94"}],"wp:attachment":[{"href":"https:\/\/herr-rau.de\/blogs\/inform\/index.php?rest_route=%2Fwp%2Fv2%2Fmedia&parent=93"}],"curies":[{"name":"wp","href":"https:\/\/api.w.org\/{rel}","templated":true}]}}